{"id":9,"date":"2019-01-05T17:53:52","date_gmt":"2019-01-05T17:53:52","guid":{"rendered":"http:\/\/schale.se\/tradgard\/?page_id=9"},"modified":"2023-12-29T11:45:00","modified_gmt":"2023-12-29T10:45:00","slug":"om-oss","status":"publish","type":"page","link":"https:\/\/schale.se\/tradgard\/om-oss\/","title":{"rendered":"Om oss"},"content":{"rendered":"\n<p>\u00c4r ni i behov av hj\u00e4lp i tr\u00e4dg\u00e5rden? D\u00e5 kan ni v\u00e4nda er till oss, vi utf\u00f6r de flesta arbeten i en tr\u00e4dg\u00e5rd.<br>Vi hj\u00e4lper er med sk\u00f6tsel av befintlig tr\u00e4dg\u00e5rd eller att f\u00f6rnya den om det skulle beh\u00f6vas, samt nyanl\u00e4ggning och vi g\u00f6r det efter era \u00f6nskem\u00e5l.<\/p>\n\n\n\n<p>Tillsammans har vi 75 \u00e5rs erfarenhet av tr\u00e4dg\u00e5rdsarbete, jag och mina medarbetare Marie-Helene, Marianne och Olle, som alla \u00e4r&nbsp; noggranna och kunniga p\u00e5 v\u00e4xter. Vi arbetar idag med utst\u00e4llningstr\u00e4dg\u00e5rdar, l\u00e4ttsk\u00f6tta tr\u00e4dg\u00e5rdar, bostadsr\u00e4ttsf\u00f6reningar och allt d\u00e4remellan.<\/p>\n\n\n\n<p class=\"has-yellow-background-color has-text-color has-background\" style=\"color:#0e3502\"><\/p>\n\n\n\n<div class=\"wp-block-columns is-layout-flex wp-container-core-columns-is-layout-9d6595d7 wp-block-columns-is-layout-flex\">\n<div class=\"wp-block-column is-layout-flow wp-block-column-is-layout-flow\" style=\"flex-basis:100%\"><\/div>\n<\/div>\n\n\n\n<div class=\"wp-block-group\"><div class=\"wp-block-group__inner-container is-layout-flow wp-block-group-is-layout-flow\">\n<div class=\"wp-block-columns is-layout-flex wp-container-core-columns-is-layout-9d6595d7 wp-block-columns-is-layout-flex\">\n<div class=\"wp-block-column is-layout-flow wp-block-column-is-layout-flow\" style=\"flex-basis:100%\">\n<div class=\"wp-block-group\"><div class=\"wp-block-group__inner-container is-layout-flow wp-block-group-is-layout-flow\">\n<div class=\"wp-block-group\"><div class=\"wp-block-group__inner-container is-layout-flow wp-block-group-is-layout-flow\">\n<div class=\"wp-block-columns are-vertically-aligned-center is-layout-flex wp-container-core-columns-is-layout-9d6595d7 wp-block-columns-is-layout-flex\">\n<div class=\"wp-block-column is-vertically-aligned-center is-layout-flow wp-block-column-is-layout-flow\" style=\"flex-basis:100%\">\n<div class=\"wp-block-group has-yellow-background-color has-background\"><div class=\"wp-block-group__inner-container is-layout-flow wp-block-group-is-layout-flow\">\n<div class=\"wp-block-columns is-layout-flex wp-container-core-columns-is-layout-9d6595d7 wp-block-columns-is-layout-flex\">\n<div class=\"wp-block-column is-layout-flow wp-block-column-is-layout-flow\"><\/div>\n\n\n\n<div class=\"wp-block-column is-layout-flow wp-block-column-is-layout-flow\"><\/div>\n<\/div>\n\n\n\n<div class=\"wp-block-group\"><div class=\"wp-block-group__inner-container is-layout-constrained wp-block-group-is-layout-constrained\">\n<p><\/p>\n\n\n\n<figure class=\"wp-block-gallery has-nested-images columns-default is-cropped wp-block-gallery-1 is-layout-flex wp-block-gallery-is-layout-flex\">\n<figure class=\"wp-block-image size-large\"><img loading=\"lazy\" decoding=\"async\" width=\"768\" height=\"1024\" data-id=\"526\" src=\"https:\/\/media.schale.se\/2023\/12\/20220905_115119-2-768x1024.jpg\" alt=\"\" class=\"wp-image-526\" srcset=\"https:\/\/media.schale.se\/2023\/12\/20220905_115119-2-768x1024.jpg 768w, https:\/\/media.schale.se\/2023\/12\/20220905_115119-2-225x300.jpg 225w, https:\/\/media.schale.se\/2023\/12\/20220905_115119-2-1152x1536.jpg 1152w, https:\/\/media.schale.se\/2023\/12\/20220905_115119-2-1536x2048.jpg 1536w, https:\/\/media.schale.se\/2023\/12\/20220905_115119-2-1200x1600.jpg 1200w, https:\/\/media.schale.se\/2023\/12\/20220905_115119-2-scaled.jpg 1920w\" sizes=\"auto, (max-width: 768px) 85vw, 768px\" \/><\/figure>\n\n\n\n<figure class=\"wp-block-image size-large\"><img loading=\"lazy\" decoding=\"async\" width=\"1024\" height=\"831\" data-id=\"527\" src=\"https:\/\/media.schale.se\/2023\/12\/20220926_145806-3-1024x831.jpg\" alt=\"\" class=\"wp-image-527\" srcset=\"https:\/\/media.schale.se\/2023\/12\/20220926_145806-3-1024x831.jpg 1024w, https:\/\/media.schale.se\/2023\/12\/20220926_145806-3-300x243.jpg 300w, https:\/\/media.schale.se\/2023\/12\/20220926_145806-3-768x623.jpg 768w, https:\/\/media.schale.se\/2023\/12\/20220926_145806-3-1536x1247.jpg 1536w, https:\/\/media.schale.se\/2023\/12\/20220926_145806-3-2048x1662.jpg 2048w, https:\/\/media.schale.se\/2023\/12\/20220926_145806-3-1200x974.jpg 1200w\" sizes=\"auto, (max-width: 709px) 85vw, (max-width: 909px) 67vw, (max-width: 1362px) 62vw, 840px\" \/><\/figure>\n<\/figure>\n\n\n\n<div class=\"wp-block-group\"><div class=\"wp-block-group__inner-container is-layout-constrained wp-block-group-is-layout-constrained\">\n<div class=\"wp-block-group\"><div class=\"wp-block-group__inner-container is-layout-constrained wp-block-group-is-layout-constrained\">\n<div class=\"wp-block-group\"><div class=\"wp-block-group__inner-container is-layout-constrained wp-block-group-is-layout-constrained\">\n<div class=\"wp-block-group\"><div class=\"wp-block-group__inner-container is-layout-constrained wp-block-group-is-layout-constrained\">\n<div class=\"wp-block-group\"><div class=\"wp-block-group__inner-container is-layout-constrained wp-block-group-is-layout-constrained\">\n<figure class=\"wp-block-gallery has-nested-images columns-default is-cropped wp-block-gallery-2 is-layout-flex wp-block-gallery-is-layout-flex\">\n<figure class=\"wp-block-image size-large\"><img loading=\"lazy\" decoding=\"async\" width=\"1024\" height=\"768\" data-id=\"542\" src=\"https:\/\/media.schale.se\/2023\/12\/20230531_150805-2-1024x768.jpg\" alt=\"\" class=\"wp-image-542\" srcset=\"https:\/\/media.schale.se\/2023\/12\/20230531_150805-2-1024x768.jpg 1024w, https:\/\/media.schale.se\/2023\/12\/20230531_150805-2-300x225.jpg 300w, https:\/\/media.schale.se\/2023\/12\/20230531_150805-2-768x576.jpg 768w, https:\/\/media.schale.se\/2023\/12\/20230531_150805-2-1536x1152.jpg 1536w, https:\/\/media.schale.se\/2023\/12\/20230531_150805-2-2048x1536.jpg 2048w, https:\/\/media.schale.se\/2023\/12\/20230531_150805-2-1200x900.jpg 1200w\" sizes=\"auto, (max-width: 709px) 85vw, (max-width: 909px) 67vw, (max-width: 1362px) 62vw, 840px\" \/><\/figure>\n\n\n\n<figure class=\"wp-block-image size-large\"><img loading=\"lazy\" decoding=\"async\" width=\"768\" height=\"1024\" data-id=\"543\" src=\"https:\/\/media.schale.se\/2023\/12\/20230606_151115-2-768x1024.jpg\" alt=\"\" class=\"wp-image-543\" srcset=\"https:\/\/media.schale.se\/2023\/12\/20230606_151115-2-768x1024.jpg 768w, https:\/\/media.schale.se\/2023\/12\/20230606_151115-2-225x300.jpg 225w, https:\/\/media.schale.se\/2023\/12\/20230606_151115-2-1152x1536.jpg 1152w, https:\/\/media.schale.se\/2023\/12\/20230606_151115-2-1536x2048.jpg 1536w, https:\/\/media.schale.se\/2023\/12\/20230606_151115-2-1200x1600.jpg 1200w, https:\/\/media.schale.se\/2023\/12\/20230606_151115-2-scaled.jpg 1920w\" sizes=\"auto, (max-width: 768px) 85vw, 768px\" \/><\/figure>\n<\/figure>\n<\/div><\/div>\n\n\n\n<div class=\"wp-block-group\"><div class=\"wp-block-group__inner-container is-layout-constrained wp-block-group-is-layout-constrained\">\n<figure class=\"wp-block-gallery has-nested-images columns-default is-cropped wp-block-gallery-3 is-layout-flex wp-block-gallery-is-layout-flex\">\n<figure class=\"wp-block-image size-large is-resized\"><img loading=\"lazy\" decoding=\"async\" width=\"1024\" height=\"768\" data-id=\"538\" src=\"https:\/\/media.schale.se\/2023\/12\/20230810_134822-1024x768.jpg\" alt=\"\" class=\"wp-image-538\" style=\"width:269px;height:auto\" srcset=\"https:\/\/media.schale.se\/2023\/12\/20230810_134822-1024x768.jpg 1024w, https:\/\/media.schale.se\/2023\/12\/20230810_134822-300x225.jpg 300w, https:\/\/media.schale.se\/2023\/12\/20230810_134822-768x576.jpg 768w, https:\/\/media.schale.se\/2023\/12\/20230810_134822-1536x1152.jpg 1536w, https:\/\/media.schale.se\/2023\/12\/20230810_134822-2048x1536.jpg 2048w, https:\/\/media.schale.se\/2023\/12\/20230810_134822-1200x900.jpg 1200w\" sizes=\"auto, (max-width: 709px) 85vw, (max-width: 909px) 67vw, (max-width: 1362px) 62vw, 840px\" \/><\/figure>\n\n\n\n<figure class=\"wp-block-image size-large\"><img loading=\"lazy\" decoding=\"async\" width=\"1024\" height=\"768\" data-id=\"541\" src=\"https:\/\/media.schale.se\/2023\/12\/20230603_081016-6-1024x768.jpg\" alt=\"\" class=\"wp-image-541\" srcset=\"https:\/\/media.schale.se\/2023\/12\/20230603_081016-6-1024x768.jpg 1024w, https:\/\/media.schale.se\/2023\/12\/20230603_081016-6-300x225.jpg 300w, https:\/\/media.schale.se\/2023\/12\/20230603_081016-6-768x576.jpg 768w, https:\/\/media.schale.se\/2023\/12\/20230603_081016-6-1536x1152.jpg 1536w, https:\/\/media.schale.se\/2023\/12\/20230603_081016-6-2048x1536.jpg 2048w, https:\/\/media.schale.se\/2023\/12\/20230603_081016-6-1200x900.jpg 1200w\" sizes=\"auto, (max-width: 709px) 85vw, (max-width: 909px) 67vw, (max-width: 1362px) 62vw, 840px\" \/><\/figure>\n<\/figure>\n<\/div><\/div>\n\n\n\n<div class=\"wp-block-group\"><div class=\"wp-block-group__inner-container is-layout-constrained wp-block-group-is-layout-constrained\">\n<figure class=\"wp-block-gallery has-nested-images columns-default is-cropped wp-block-gallery-4 is-layout-flex wp-block-gallery-is-layout-flex\">\n<figure class=\"wp-block-image size-large\"><img loading=\"lazy\" decoding=\"async\" width=\"1024\" height=\"768\" data-id=\"540\" src=\"https:\/\/media.schale.se\/2023\/12\/20230810_135134-1024x768.jpg\" alt=\"\" class=\"wp-image-540\" srcset=\"https:\/\/media.schale.se\/2023\/12\/20230810_135134-1024x768.jpg 1024w, https:\/\/media.schale.se\/2023\/12\/20230810_135134-300x225.jpg 300w, https:\/\/media.schale.se\/2023\/12\/20230810_135134-768x576.jpg 768w, https:\/\/media.schale.se\/2023\/12\/20230810_135134-1536x1152.jpg 1536w, https:\/\/media.schale.se\/2023\/12\/20230810_135134-2048x1536.jpg 2048w, https:\/\/media.schale.se\/2023\/12\/20230810_135134-1200x900.jpg 1200w\" sizes=\"auto, (max-width: 709px) 85vw, (max-width: 909px) 67vw, (max-width: 1362px) 62vw, 840px\" \/><\/figure>\n\n\n\n<figure class=\"wp-block-image size-large\"><img loading=\"lazy\" decoding=\"async\" width=\"1024\" height=\"768\" data-id=\"544\" src=\"https:\/\/media.schale.se\/2023\/12\/20230820_152536-1024x768.jpg\" alt=\"\" class=\"wp-image-544\" srcset=\"https:\/\/media.schale.se\/2023\/12\/20230820_152536-1024x768.jpg 1024w, https:\/\/media.schale.se\/2023\/12\/20230820_152536-300x225.jpg 300w, https:\/\/media.schale.se\/2023\/12\/20230820_152536-768x576.jpg 768w, https:\/\/media.schale.se\/2023\/12\/20230820_152536-1536x1152.jpg 1536w, https:\/\/media.schale.se\/2023\/12\/20230820_152536-2048x1536.jpg 2048w, https:\/\/media.schale.se\/2023\/12\/20230820_152536-1200x900.jpg 1200w\" sizes=\"auto, (max-width: 709px) 85vw, (max-width: 909px) 67vw, (max-width: 1362px) 62vw, 840px\" \/><\/figure>\n<\/figure>\n<\/div><\/div>\n<\/div><\/div>\n\n\n\n<div class=\"wp-block-group is-nowrap is-layout-flex wp-container-core-group-is-layout-ad2f72ca wp-block-group-is-layout-flex\">\n<figure class=\"wp-block-image size-large is-resized\"><img loading=\"lazy\" decoding=\"async\" width=\"1024\" height=\"283\" src=\"https:\/\/media.schale.se\/2023\/12\/Schalelogo-1024x283.jpg\" alt=\"\" class=\"wp-image-550\" style=\"width:545px;height:auto\" srcset=\"https:\/\/media.schale.se\/2023\/12\/Schalelogo-1024x283.jpg 1024w, https:\/\/media.schale.se\/2023\/12\/Schalelogo-300x83.jpg 300w, https:\/\/media.schale.se\/2023\/12\/Schalelogo-768x212.jpg 768w, https:\/\/media.schale.se\/2023\/12\/Schalelogo.bmp 1182w\" sizes=\"auto, (max-width: 709px) 85vw, (max-width: 909px) 67vw, (max-width: 1362px) 62vw, 840px\" \/><\/figure>\n\n\n\n<figure class=\"wp-block-image size-full is-resized\"><img loading=\"lazy\" decoding=\"async\" width=\"877\" height=\"521\" src=\"https:\/\/media.schale.se\/2023\/12\/Stalmiljo-Gron-Logga.jpg\" alt=\"\" class=\"wp-image-548\" style=\"width:237px;height:auto\" srcset=\"https:\/\/media.schale.se\/2023\/12\/Stalmiljo-Gron-Logga.jpg 877w, https:\/\/media.schale.se\/2023\/12\/Stalmiljo-Gron-Logga-300x178.jpg 300w, https:\/\/media.schale.se\/2023\/12\/Stalmiljo-Gron-Logga-768x456.jpg 768w\" sizes=\"auto, (max-width: 709px) 85vw, (max-width: 909px) 67vw, (max-width: 1362px) 62vw, 840px\" \/><\/figure>\n<\/div>\n<\/div><\/div>\n\n\n\n<div class=\"wp-block-group\"><div class=\"wp-block-group__inner-container is-layout-constrained wp-block-group-is-layout-constrained\">\n<div class=\"wp-block-group is-nowrap is-layout-flex wp-container-core-group-is-layout-ad2f72ca wp-block-group-is-layout-flex\"><\/div>\n<\/div><\/div>\n<\/div><\/div>\n<\/div><\/div>\n<\/div><\/div>\n\n\n\n<div class=\"wp-block-group\"><div class=\"wp-block-group__inner-container is-layout-constrained wp-block-group-is-layout-constrained\"><\/div><\/div>\n<\/div><\/div>\n<\/div>\n<\/div>\n\n\n\n<div class=\"wp-block-group\"><div class=\"wp-block-group__inner-container is-layout-constrained wp-block-group-is-layout-constrained\"><\/div><\/div>\n<\/div><\/div>\n<\/div><\/div>\n\n\n\n<div class=\"wp-block-columns is-layout-flex wp-container-core-columns-is-layout-9d6595d7 wp-block-columns-is-layout-flex\">\n<div class=\"wp-block-column is-layout-flow wp-block-column-is-layout-flow\">\n<p><\/p>\n<\/div>\n<\/div>\n<\/div>\n<\/div>\n\n\n\n<div class=\"wp-block-columns is-layout-flex wp-container-core-columns-is-layout-9d6595d7 wp-block-columns-is-layout-flex\">\n<div class=\"wp-block-column is-layout-flow wp-block-column-is-layout-flow\"><\/div>\n<\/div>\n<\/div><\/div>\n\n\n\n<p><\/p>\n\n\n\n<div class=\"wp-block-columns is-layout-flex wp-container-core-columns-is-layout-9d6595d7 wp-block-columns-is-layout-flex\">\n<div class=\"wp-block-column is-layout-flow wp-block-column-is-layout-flow\">\n<div class=\"wp-block-columns is-layout-flex wp-container-core-columns-is-layout-9d6595d7 wp-block-columns-is-layout-flex\">\n<div class=\"wp-block-column is-layout-flow wp-block-column-is-layout-flow\"><\/div>\n\n\n\n<div class=\"wp-block-column is-layout-flow wp-block-column-is-layout-flow\"><\/div>\n<\/div>\n\n\n\n<div class=\"wp-block-columns is-layout-flex wp-container-core-columns-is-layout-9d6595d7 wp-block-columns-is-layout-flex\">\n<div class=\"wp-block-column is-layout-flow wp-block-column-is-layout-flow\">\n<div class=\"wp-block-columns is-layout-flex wp-container-core-columns-is-layout-9d6595d7 wp-block-columns-is-layout-flex\">\n<div class=\"wp-block-column is-layout-flow wp-block-column-is-layout-flow\"><\/div>\n<\/div>\n<\/div>\n<\/div>\n<\/div>\n<\/div>\n\n\n\n<p><\/p>\n","protected":false},"excerpt":{"rendered":"<p>\u00c4r ni i behov av hj\u00e4lp i tr\u00e4dg\u00e5rden? D\u00e5 kan ni v\u00e4nda er till oss, vi utf\u00f6r de flesta arbeten i en tr\u00e4dg\u00e5rd.Vi hj\u00e4lper er med sk\u00f6tsel av befintlig tr\u00e4dg\u00e5rd eller att f\u00f6rnya den om det skulle beh\u00f6vas, samt nyanl\u00e4ggning och vi g\u00f6r det efter era \u00f6nskem\u00e5l. Tillsammans har vi 75 \u00e5rs erfarenhet av tr\u00e4dg\u00e5rdsarbete, &hellip; <a href=\"https:\/\/schale.se\/tradgard\/om-oss\/\" class=\"more-link\">Forts\u00e4tt l\u00e4sa<span class=\"screen-reader-text\"> \u201dOm oss\u201d<\/span><\/a><\/p>\n","protected":false},"author":1,"featured_media":0,"parent":0,"menu_order":0,"comment_status":"closed","ping_status":"closed","template":"","meta":{"ngg_post_thumbnail":0,"footnotes":""},"class_list":["post-9","page","type-page","status-publish","hentry"],"_links":{"self":[{"href":"https:\/\/schale.se\/tradgard\/wp-json\/wp\/v2\/pages\/9","targetHints":{"allow":["GET"]}}],"collection":[{"href":"https:\/\/schale.se\/tradgard\/wp-json\/wp\/v2\/pages"}],"about":[{"href":"https:\/\/schale.se\/tradgard\/wp-json\/wp\/v2\/types\/page"}],"author":[{"embeddable":true,"href":"https:\/\/schale.se\/tradgard\/wp-json\/wp\/v2\/users\/1"}],"replies":[{"embeddable":true,"href":"https:\/\/schale.se\/tradgard\/wp-json\/wp\/v2\/comments?post=9"}],"version-history":[{"count":29,"href":"https:\/\/schale.se\/tradgard\/wp-json\/wp\/v2\/pages\/9\/revisions"}],"predecessor-version":[{"id":554,"href":"https:\/\/schale.se\/tradgard\/wp-json\/wp\/v2\/pages\/9\/revisions\/554"}],"wp:attachment":[{"href":"https:\/\/schale.se\/tradgard\/wp-json\/wp\/v2\/media?parent=9"}],"curies":[{"name":"wp","href":"https:\/\/api.w.org\/{rel}","templated":true}]}}