{"id":446,"date":"2020-03-16T20:16:51","date_gmt":"2020-03-16T19:16:51","guid":{"rendered":"http:\/\/schale.se\/tradgard\/?page_id=446"},"modified":"2023-10-13T19:05:28","modified_gmt":"2023-10-13T17:05:28","slug":"radjur","status":"publish","type":"page","link":"https:\/\/schale.se\/tradgard\/radjur\/","title":{"rendered":"R\u00e5djur"},"content":{"rendered":"\n<p class=\"has-yellow-background-color has-text-color has-background\" style=\"color:#0f6904\"><strong> Det b\u00e4sta som finns mot r\u00e5djur \u00e4r TricoGarden, det \u00e4r drygt, 1 liter r\u00e4cker till en normaltr\u00e4dg\u00e5rd i 1-2 \u00e5r beroende p\u00e5 vilka v\u00e4xter man har. Det \u00e4r gjort p\u00e5 f\u00e5rtalg och d\u00e4rmed ofarligt och milj\u00f6v\u00e4nligt. Man f\u00e5r ha sina penseer, tulpaner, rosor mm ifred. \u00c4tbart g\u00e5r att spruta, men man b\u00f6r inte anv\u00e4nda det 14 dagar innan f\u00f6rt\u00e4ring p\u00e5 grund av att det kan ge smak.  <\/strong><\/p>\n\n\n\n<p class=\"has-yellow-background-color has-text-color has-background\" style=\"color:#0f5302\"> <strong>1 liter TricoGarden kostar 275:- inkl. moms, finns att h\u00e4mta hos mig i Asserlund, mellan Fj\u00e4r\u00e5s och \u00c5sa, eller leverans efter \u00f6verenskommelse n\u00e4r jag \u00e4r ute och jobbar. <\/strong><\/p>\n\n\n<div class=\"wp-block-image is-resized\">\n<figure class=\"aligncenter size-large\"><img loading=\"lazy\" decoding=\"async\" width=\"768\" height=\"1024\" src=\"https:\/\/media.schale.se\/2020\/03\/20191229_171127b-768x1024.jpg\" alt=\"\" class=\"wp-image-452\" style=\"aspect-ratio:0.75;width:203px;height:auto\" srcset=\"https:\/\/media.schale.se\/2020\/03\/20191229_171127b-768x1024.jpg 768w, https:\/\/media.schale.se\/2020\/03\/20191229_171127b-225x300.jpg 225w, https:\/\/media.schale.se\/2020\/03\/20191229_171127b-1152x1536.jpg 1152w, https:\/\/media.schale.se\/2020\/03\/20191229_171127b-1536x2048.jpg 1536w, https:\/\/media.schale.se\/2020\/03\/20191229_171127b-1200x1600.jpg 1200w, https:\/\/media.schale.se\/2020\/03\/20191229_171127b-400x533.jpg 400w, https:\/\/media.schale.se\/2020\/03\/20191229_171127b-scaled.jpg 1920w\" sizes=\"auto, (max-width: 768px) 85vw, 768px\" \/><\/figure>\n<\/div>","protected":false},"excerpt":{"rendered":"<p>Det b\u00e4sta som finns mot r\u00e5djur \u00e4r TricoGarden, det \u00e4r drygt, 1 liter r\u00e4cker till en normaltr\u00e4dg\u00e5rd i 1-2 \u00e5r beroende p\u00e5 vilka v\u00e4xter man har. Det \u00e4r gjort p\u00e5 f\u00e5rtalg och d\u00e4rmed ofarligt och milj\u00f6v\u00e4nligt. Man f\u00e5r ha sina penseer, tulpaner, rosor mm ifred. \u00c4tbart g\u00e5r att spruta, men man b\u00f6r inte anv\u00e4nda det &hellip; <a href=\"https:\/\/schale.se\/tradgard\/radjur\/\" class=\"more-link\">Forts\u00e4tt l\u00e4sa<span class=\"screen-reader-text\"> \u201dR\u00e5djur\u201d<\/span><\/a><\/p>\n","protected":false},"author":1,"featured_media":0,"parent":0,"menu_order":0,"comment_status":"closed","ping_status":"closed","template":"","meta":{"ngg_post_thumbnail":0,"footnotes":""},"class_list":["post-446","page","type-page","status-publish","hentry"],"_links":{"self":[{"href":"https:\/\/schale.se\/tradgard\/wp-json\/wp\/v2\/pages\/446","targetHints":{"allow":["GET"]}}],"collection":[{"href":"https:\/\/schale.se\/tradgard\/wp-json\/wp\/v2\/pages"}],"about":[{"href":"https:\/\/schale.se\/tradgard\/wp-json\/wp\/v2\/types\/page"}],"author":[{"embeddable":true,"href":"https:\/\/schale.se\/tradgard\/wp-json\/wp\/v2\/users\/1"}],"replies":[{"embeddable":true,"href":"https:\/\/schale.se\/tradgard\/wp-json\/wp\/v2\/comments?post=446"}],"version-history":[{"count":5,"href":"https:\/\/schale.se\/tradgard\/wp-json\/wp\/v2\/pages\/446\/revisions"}],"predecessor-version":[{"id":494,"href":"https:\/\/schale.se\/tradgard\/wp-json\/wp\/v2\/pages\/446\/revisions\/494"}],"wp:attachment":[{"href":"https:\/\/schale.se\/tradgard\/wp-json\/wp\/v2\/media?parent=446"}],"curies":[{"name":"wp","href":"https:\/\/api.w.org\/{rel}","templated":true}]}}