{"id":10,"date":"2019-01-05T17:53:52","date_gmt":"2019-01-05T17:53:52","guid":{"rendered":"http:\/\/schale.se\/tradgard\/?page_id=10"},"modified":"2020-04-01T20:12:39","modified_gmt":"2020-04-01T18:12:39","slug":"kontakta-oss","status":"publish","type":"page","link":"https:\/\/schale.se\/tradgard\/kontakta-oss\/","title":{"rendered":"Kontakta oss"},"content":{"rendered":"<p><span style=\"color: #013001;\"><strong>Vi utf\u00f6r gr\u00f6nt arbete f\u00f6r en friskare jord<\/strong><\/span><\/p>\n<p><span style=\"color: #013001;\"><strong>Schales tr\u00e4dg\u00e5rdstj\u00e4nster<\/strong><\/span><\/p>\n<p><span style=\"color: #013001;\"><strong>Varbergsv\u00e4gen 1228<\/strong><\/span><\/p>\n<p><span style=\"color: #013001;\"><strong>43951 \u00c5sa<\/strong><\/span><\/p>\n<p><span style=\"color: #013001;\"><strong>Telefon: 0705565378<\/strong><\/span><\/p>\n<p><span style=\"color: #003300;\"><strong>email:<\/strong><\/span> <strong><a href=\"mailto:thomas@schale.se\">thomas@schale.se<\/a><\/strong><\/p>\n\n\n<p><\/p>\n","protected":false},"excerpt":{"rendered":"<p>Vi utf\u00f6r gr\u00f6nt arbete f\u00f6r en friskare jord Schales tr\u00e4dg\u00e5rdstj\u00e4nster Varbergsv\u00e4gen 1228 43951 \u00c5sa Telefon: 0705565378 email: thomas@schale.se<\/p>\n","protected":false},"author":1,"featured_media":264,"parent":0,"menu_order":0,"comment_status":"closed","ping_status":"closed","template":"","meta":{"ngg_post_thumbnail":9,"footnotes":""},"class_list":["post-10","page","type-page","status-publish","has-post-thumbnail","hentry"],"_links":{"self":[{"href":"https:\/\/schale.se\/tradgard\/wp-json\/wp\/v2\/pages\/10","targetHints":{"allow":["GET"]}}],"collection":[{"href":"https:\/\/schale.se\/tradgard\/wp-json\/wp\/v2\/pages"}],"about":[{"href":"https:\/\/schale.se\/tradgard\/wp-json\/wp\/v2\/types\/page"}],"author":[{"embeddable":true,"href":"https:\/\/schale.se\/tradgard\/wp-json\/wp\/v2\/users\/1"}],"replies":[{"embeddable":true,"href":"https:\/\/schale.se\/tradgard\/wp-json\/wp\/v2\/comments?post=10"}],"version-history":[{"count":7,"href":"https:\/\/schale.se\/tradgard\/wp-json\/wp\/v2\/pages\/10\/revisions"}],"predecessor-version":[{"id":463,"href":"https:\/\/schale.se\/tradgard\/wp-json\/wp\/v2\/pages\/10\/revisions\/463"}],"wp:featuredmedia":[{"embeddable":true,"href":"https:\/\/schale.se\/tradgard\/wp-json\/wp\/v2\/media\/264"}],"wp:attachment":[{"href":"https:\/\/schale.se\/tradgard\/wp-json\/wp\/v2\/media?parent=10"}],"curies":[{"name":"wp","href":"https:\/\/api.w.org\/{rel}","templated":true}]}}